{"id":434,"date":"2017-11-15T17:07:45","date_gmt":"2017-11-15T17:07:45","guid":{"rendered":"http:\/\/clustercalzado.es\/?page_id=434"},"modified":"2017-11-27T09:15:08","modified_gmt":"2017-11-27T09:15:08","slug":"regional-projects","status":"publish","type":"page","link":"http:\/\/clustercalzado.es\/en\/projects\/regional-projects\/","title":{"rendered":"Regional Projects"},"content":{"rendered":"<div class=\"flex_column av_one_fourth  flex_column_div av-zero-column-padding first  \" style='border-radius:0px; '><div class='avia-image-container  av-styling-    avia-align-center '  itemscope=\"itemscope\" itemtype=\"https:\/\/schema.org\/ImageObject\"  ><div class='avia-image-container-inner'><img class='avia_image ' src='http:\/\/clustercalzado.es\/wp-content\/uploads\/2017\/10\/proyectos-regionales-cluster-calzado-img1.png' alt='' title='proyectos-regionales-cluster-calzado-img1'   itemprop=\"thumbnailUrl\"  \/><\/div><\/div><\/div>\n<div class=\"flex_column av_three_fourth  flex_column_div av-zero-column-padding   \" style='border-radius:0px; '><p><div style='padding-bottom:10px;' class='av-special-heading av-special-heading-h2  blockquote modern-quote  '><h2 class='av-special-heading-tag '  itemprop=\"headline\"  >REGIONAL PROJECTS<\/h2><div class='special-heading-border'><div class='special-heading-inner-border' ><\/div><\/div><\/div><br \/>\n<div style='padding-bottom:30px;color:#910046;' class='av-special-heading av-special-heading-h3 custom-color-heading blockquote modern-quote  '><h3 class='av-special-heading-tag '  itemprop=\"headline\"  >PROJECTS FOR VALENCIAN REGION PROGRAMMES (IMPIVA):<\/h3><div class='special-heading-border'><div class='special-heading-inner-border' style='border-color:#910046'><\/div><\/div><\/div><br \/>\n<section class=\"av_textblock_section \"  itemscope=\"itemscope\" itemtype=\"https:\/\/schema.org\/CreativeWork\" ><div class='avia_textblock  '   itemprop=\"text\" ><h3><strong style=\"color: #000000; font-size: 16px;\"><span class=\"Estilo2\">PROGRAMA PCEV:<\/span><\/strong><\/h3>\n<ul>\n<li><span class=\"Estilo2\"><a href=\"http:\/\/www.eldainventalaficia.es\/\">PROYECTO &#8220;1959: ELDA INVENTA LA FICIA&#8221;.\u00a0<\/a>IMPSMD\/2009\/28; IMPCMD\/2010\/30<\/span><\/li>\n<li><span class=\"Estilo2\">PROYECTO DINAMIZACI\u00d3N DEL CLUSTER CALZADO INNOVACI\u00d3N. IMPSNC\/2009\/35 ; IMPCCC\/2010\/58<\/span><\/li>\n<li><span class=\"Estilo2\">PROYECTO CENTRO DE REFLEXI\u00d3N ESTRAT\u00c9GICA DE OPORTUNIDADES DE INNOVACI\u00d3N, I-CREO EN EL CLUSTER CALZADO INNOVACI\u00d3N. IMPSIC\/2009\/5; IMPCIC\/2010\/6<\/span><\/li>\n<li><span class=\"Estilo2\">PROYECTO \u201cFOMENTO DEL DISE\u00d1O DE CALZADO\u201d. 2009-2010-2011 IMPCDA\/2010\/7 ; IMPCDE\/2011\/43<\/span>.<\/li>\n<\/ul>\n<p><span style=\"color: #000000;\"><strong><span class=\"Estilo2\">PROGRAMA INDUSTRIALIZACI\u00d3N ASOCIACIONES SECTOR CALZADO:<\/span><\/strong><\/span><\/p>\n<ul>\n<li><span class=\"Estilo2\">REVALORIZACI\u00d3N DE RESIDUOS DE CALZADO. INSEC2\/2016\/5<\/span><\/li>\n<li><span class=\"Estilo2\">ESTUDIO LIMITACIONES LEGALES SOBRE SUSTANCIAS PELIGROSAS. INSEC2\/2016\/6<\/span><\/li>\n<li><span class=\"Estilo2\">DINAMIZACI\u00d3N DE ACCIONES DE COLABORACI\u00d3N EMPRESARIAL PARA LA TRANSFORMACI\u00d3N DE LAS EMPRESAS DE CALZADO AL MODELO DE INDUSTRIA 4.0. INSEC2\/2016\/7.\u00a0<\/span><\/li>\n<\/ul>\n<\/div><\/section><\/p><\/div><div  class='hr hr-default  '><span class='hr-inner ' ><span class='hr-inner-style'><\/span><\/span><\/div><\/p>\n<section class=\"av_textblock_section \"  itemscope=\"itemscope\" itemtype=\"https:\/\/schema.org\/CreativeWork\" ><div class='avia_textblock  '  style='font-size:10px; '  itemprop=\"text\" ><p>In addition to the projects that Cluster Calzado Innovaci\u00f3n has carried out or participated in as an entity of sectoral impulse, our technicians constantly collaborate with member companies in all phases of dissemination, preparation, management, execution and justification of the projects in which they participate individually, with the aim to achieve the technology transfer and implementation purposes envisaged, thus increasing the competitiveness of products placed on the market by our member companies.<\/p>\n<\/div><\/section>\n","protected":false},"excerpt":{"rendered":"","protected":false},"author":1,"featured_media":0,"parent":423,"menu_order":0,"comment_status":"closed","ping_status":"closed","template":"","meta":[],"yoast_head":"<!-- This site is optimized with the Yoast SEO plugin v19.2 - https:\/\/yoast.com\/wordpress\/plugins\/seo\/ -->\n<title>Regional Projects - Cluster Calzado<\/title>\n<meta name=\"robots\" content=\"index, follow, max-snippet:-1, max-image-preview:large, max-video-preview:-1\" \/>\n<link rel=\"canonical\" href=\"http:\/\/clustercalzado.es\/en\/projects\/regional-projects\/\" \/>\n<meta property=\"og:locale\" content=\"en_US\" \/>\n<meta property=\"og:type\" content=\"article\" \/>\n<meta property=\"og:title\" content=\"Regional Projects - Cluster Calzado\" \/>\n<meta property=\"og:url\" content=\"http:\/\/clustercalzado.es\/en\/projects\/regional-projects\/\" \/>\n<meta property=\"og:site_name\" content=\"Cluster Calzado\" \/>\n<meta property=\"article:modified_time\" content=\"2017-11-27T09:15:08+00:00\" \/>\n<meta name=\"author\" content=\"adminESC\" \/>\n<meta name=\"twitter:card\" content=\"summary\" \/>\n<meta name=\"twitter:label1\" content=\"Est. reading time\" \/>\n\t<meta name=\"twitter:data1\" content=\"3 minutes\" \/>\n<script type=\"application\/ld+json\" class=\"yoast-schema-graph\">{\"@context\":\"https:\/\/schema.org\",\"@graph\":[{\"@type\":\"WebSite\",\"@id\":\"http:\/\/clustercalzado.es\/#website\",\"url\":\"http:\/\/clustercalzado.es\/\",\"name\":\"Cluster Calzado\",\"description\":\"innovaci\u00f3n en el calzado\",\"potentialAction\":[{\"@type\":\"SearchAction\",\"target\":{\"@type\":\"EntryPoint\",\"urlTemplate\":\"http:\/\/clustercalzado.es\/?s={search_term_string}\"},\"query-input\":\"required name=search_term_string\"}],\"inLanguage\":\"en-US\"},{\"@type\":\"WebPage\",\"@id\":\"http:\/\/clustercalzado.es\/en\/projects\/regional-projects\/#webpage\",\"url\":\"http:\/\/clustercalzado.es\/en\/projects\/regional-projects\/\",\"name\":\"Regional Projects - Cluster Calzado\",\"isPartOf\":{\"@id\":\"http:\/\/clustercalzado.es\/#website\"},\"datePublished\":\"2017-11-15T17:07:45+00:00\",\"dateModified\":\"2017-11-27T09:15:08+00:00\",\"breadcrumb\":{\"@id\":\"http:\/\/clustercalzado.es\/en\/projects\/regional-projects\/#breadcrumb\"},\"inLanguage\":\"en-US\",\"potentialAction\":[{\"@type\":\"ReadAction\",\"target\":[\"http:\/\/clustercalzado.es\/en\/projects\/regional-projects\/\"]}]},{\"@type\":\"BreadcrumbList\",\"@id\":\"http:\/\/clustercalzado.es\/en\/projects\/regional-projects\/#breadcrumb\",\"itemListElement\":[{\"@type\":\"ListItem\",\"position\":1,\"name\":\"Portada\",\"item\":\"http:\/\/clustercalzado.es\/en\/\"},{\"@type\":\"ListItem\",\"position\":2,\"name\":\"Projects\",\"item\":\"http:\/\/clustercalzado.es\/en\/projects\/\"},{\"@type\":\"ListItem\",\"position\":3,\"name\":\"Regional Projects\"}]}]}<\/script>\n<!-- \/ Yoast SEO plugin. -->","yoast_head_json":{"title":"Regional Projects - Cluster Calzado","robots":{"index":"index","follow":"follow","max-snippet":"max-snippet:-1","max-image-preview":"max-image-preview:large","max-video-preview":"max-video-preview:-1"},"canonical":"http:\/\/clustercalzado.es\/en\/projects\/regional-projects\/","og_locale":"en_US","og_type":"article","og_title":"Regional Projects - Cluster Calzado","og_url":"http:\/\/clustercalzado.es\/en\/projects\/regional-projects\/","og_site_name":"Cluster Calzado","article_modified_time":"2017-11-27T09:15:08+00:00","author":"adminESC","twitter_card":"summary","twitter_misc":{"Est. reading time":"3 minutes"},"schema":{"@context":"https:\/\/schema.org","@graph":[{"@type":"WebSite","@id":"http:\/\/clustercalzado.es\/#website","url":"http:\/\/clustercalzado.es\/","name":"Cluster Calzado","description":"innovaci\u00f3n en el calzado","potentialAction":[{"@type":"SearchAction","target":{"@type":"EntryPoint","urlTemplate":"http:\/\/clustercalzado.es\/?s={search_term_string}"},"query-input":"required name=search_term_string"}],"inLanguage":"en-US"},{"@type":"WebPage","@id":"http:\/\/clustercalzado.es\/en\/projects\/regional-projects\/#webpage","url":"http:\/\/clustercalzado.es\/en\/projects\/regional-projects\/","name":"Regional Projects - Cluster Calzado","isPartOf":{"@id":"http:\/\/clustercalzado.es\/#website"},"datePublished":"2017-11-15T17:07:45+00:00","dateModified":"2017-11-27T09:15:08+00:00","breadcrumb":{"@id":"http:\/\/clustercalzado.es\/en\/projects\/regional-projects\/#breadcrumb"},"inLanguage":"en-US","potentialAction":[{"@type":"ReadAction","target":["http:\/\/clustercalzado.es\/en\/projects\/regional-projects\/"]}]},{"@type":"BreadcrumbList","@id":"http:\/\/clustercalzado.es\/en\/projects\/regional-projects\/#breadcrumb","itemListElement":[{"@type":"ListItem","position":1,"name":"Portada","item":"http:\/\/clustercalzado.es\/en\/"},{"@type":"ListItem","position":2,"name":"Projects","item":"http:\/\/clustercalzado.es\/en\/projects\/"},{"@type":"ListItem","position":3,"name":"Regional Projects"}]}]}},"_links":{"self":[{"href":"http:\/\/clustercalzado.es\/en\/wp-json\/wp\/v2\/pages\/434\/"}],"collection":[{"href":"http:\/\/clustercalzado.es\/en\/wp-json\/wp\/v2\/pages\/"}],"about":[{"href":"http:\/\/clustercalzado.es\/en\/wp-json\/wp\/v2\/types\/page\/"}],"author":[{"embeddable":true,"href":"http:\/\/clustercalzado.es\/en\/wp-json\/wp\/v2\/users\/1\/"}],"replies":[{"embeddable":true,"href":"http:\/\/clustercalzado.es\/en\/wp-json\/wp\/v2\/comments\/?post=434"}],"version-history":[{"count":3,"href":"http:\/\/clustercalzado.es\/en\/wp-json\/wp\/v2\/pages\/434\/revisions\/"}],"predecessor-version":[{"id":595,"href":"http:\/\/clustercalzado.es\/en\/wp-json\/wp\/v2\/pages\/434\/revisions\/595\/"}],"up":[{"embeddable":true,"href":"http:\/\/clustercalzado.es\/en\/wp-json\/wp\/v2\/pages\/423\/"}],"wp:attachment":[{"href":"http:\/\/clustercalzado.es\/en\/wp-json\/wp\/v2\/media\/?parent=434"}],"curies":[{"name":"wp","href":"https:\/\/api.w.org\/{rel}","templated":true}]}}