{"id":432,"date":"2017-11-15T17:04:11","date_gmt":"2017-11-15T17:04:11","guid":{"rendered":"http:\/\/clustercalzado.es\/?page_id=432"},"modified":"2017-11-27T09:15:43","modified_gmt":"2017-11-27T09:15:43","slug":"national-projects","status":"publish","type":"page","link":"http:\/\/clustercalzado.es\/en\/projects\/national-projects\/","title":{"rendered":"National Projects"},"content":{"rendered":"<div class=\"flex_column av_one_fourth  flex_column_div av-zero-column-padding first  \" style='border-radius:0px; '><div class='avia-image-container  av-styling-    avia-align-center '  itemscope=\"itemscope\" itemtype=\"https:\/\/schema.org\/ImageObject\"  ><div class='avia-image-container-inner'><img class='avia_image ' src='http:\/\/clustercalzado.es\/wp-content\/uploads\/2017\/10\/proyectos-nacionales-cluster-calzado-img1.png' alt='' title='proyectos-nacionales-cluster-calzado-img1'   itemprop=\"thumbnailUrl\"  \/><\/div><\/div><\/div>\n<div class=\"flex_column av_three_fourth  flex_column_div av-zero-column-padding   \" style='border-radius:0px; '><p><div style='padding-bottom:10px;' class='av-special-heading av-special-heading-h2  blockquote modern-quote  '><h2 class='av-special-heading-tag '  itemprop=\"headline\"  >NATIONAL PROJECTS<\/h2><div class='special-heading-border'><div class='special-heading-inner-border' ><\/div><\/div><\/div><br \/>\n<div style='padding-bottom:30px;color:#910046;' class='av-special-heading av-special-heading-h3 custom-color-heading blockquote modern-quote  '><h3 class='av-special-heading-tag '  itemprop=\"headline\"  >PROJECTS FOR NATIONAL PROGRAMMES<\/h3><div class='special-heading-border'><div class='special-heading-inner-border' style='border-color:#910046'><\/div><\/div><\/div><br \/>\n<section class=\"av_textblock_section \"  itemscope=\"itemscope\" itemtype=\"https:\/\/schema.org\/CreativeWork\" ><div class='avia_textblock  '   itemprop=\"text\" ><p><strong><span class=\"Estilo2\">PROGRAMA AVANZA I+D:<\/span><\/strong><\/p>\n<ul>\n<li><span class=\"Estilo2\"><a href=\"http:\/\/www.zapateriavirtual.es\/\">PROYECTO \u201cZAPATERIA VIRTUAL\u201d. 2009-2010\u00a0<\/a>EXP. TSI-020312-2009-57;TSI-020302-2010-0037<\/span><\/li>\n<li class=\"Estilo2\"><a href=\"http:\/\/tvpv.inescop.es\/\">PROYECTO TECNOLOG\u00cdAS VIRTUALES EN PUNTO DE VENTA. 2011-2012-2013.<\/a><br \/>\nProyecto cofinanciado por el Ministerio de Industria, Energ\u00eda y Turismo, dentro del Plan Nacional de Investigaci\u00f3n Cient\u00edfica, desarrollo e Innovaci\u00f3n Tecnol\u00f3gica 2008-2011<\/p>\n<div dir=\"ltr\" align=\"left\">TSI-020302-2011-37<\/div>\n<\/li>\n<\/ul>\n<p><strong><span class=\"Estilo2\">PROGRAMA AEIs:<\/span><\/strong><\/p>\n<ul>\n<li><span class=\"Estilo2\">PROYECTO \u201cESTRUCTURACI\u00d3N Y FUNCIONAMIENTO DEL CCI\u201d. AEI-2009L2VA006.<\/span><\/li>\n<li><span class=\"Estilo2\">PROYECTO \u201cIDENTIFICACI\u00d3N DE OPORTUNIDADES DE INNOVACI\u00d3N DESDE LA EMPRESA\u201d.\u00a0<\/span><span class=\"Estilo2\">AEI2009L3VA010.<\/span><\/li>\n<li><span class=\"Estilo2\">PROYECTO \u201cRED REDAEI\u201d. 2009-2010. AEI2009L4VA005; AEI-010400-2011-30; AEI-01400-2012-4<\/span><\/li>\n<li><span class=\"Estilo2\">PROYECTO HOJA DE RUTA PARA EL CCI. AEI-010200-2011-63<\/span><\/li>\n<li><span class=\"Estilo2\">PROYECTO PARTICIPAEI. AEI-010400-2011-28; AEI010400-2012-7<\/span><\/li>\n<li><span class=\"Estilo2\">VIABILIDAD TECNICA CONCEPTO FABRICA DE CALZADO DEL FUTURO. INNOVACION EN LOS PROCESOS Y HERRAMIENTAS PARA LA FABRICACI\u00d3N DE CALZADO. AEI-010300-2012-94.<\/span><\/li>\n<li><span class=\"Estilo2\">EMPRENDEAEI. AEI-010400-2013-208<\/span><\/li>\n<li><span class=\"Estilo2\">ANALISIS VIABILIDAD IMPLANTACI\u00d3N SISTEMA DE INTELIGENCIA COMPETITIVA. AEI-010300-2013-133<\/span><\/li>\n<li><span class=\"Estilo2\">INNOVAEI CALZADO 2020. AEI-010300-2013-211<\/span><\/li>\n<li><span class=\"Estilo2\">SERVICIO INTEGRADIO CAD &#8211; TENDENCIA DE MODA PARA LA INDUSTRIA DE CALZADO. AEI-010400-2014-217<\/span><\/li>\n<li><span class=\"Estilo2\">INNOVACI\u00d3N DE COOPERACI\u00d3N DE FABRICACI\u00d3N AVANZADA Y ADITIVA EN LA INDUSTRIA DEL CALZADO. AEI-010500-2014-273<\/span><\/li>\n<li><span class=\"Estilo2\">ESTUDIO VIABILIDAD PARA LA APLICACI\u00d3N AUTOMATIZADA DE HOT MELT REACTIVOS EN CALZADO. AEI-010300-2015-344<\/span><\/li>\n<li><span class=\"Estilo2\">INNOVACI\u00d3N EN COOPERACI\u00d3N PARA LA CURTICI\u00d3N DE SERRAJES EXENTOS DE METALES. AEI-010500-2015-262\u00a0<\/span><\/li>\n<\/ul>\n<p><strong><span class=\"Estilo2\">PROGRAMA REINDUS:<\/span><\/strong><\/p>\n<ul>\n<li><span class=\"Estilo2\">PROYECTO \u201cESCENARIOS DE FUTURO PARA EL SECTOR CALZADO.<br \/>\nREI-070000-2010-492<\/span><\/p>\n<ul>\n<li class=\"Estilo2\"><a href=\"http:\/\/www.clustercalzado.es\/spa\/ESCENARIOS%20_Horizonte_DEF.pdf\" target=\"_blank\" rel=\"noopener\">Documento<\/a><\/li>\n<li class=\"Estilo2\"><a href=\"http:\/\/www.clustercalzado.es\/spa\/LOS%20RETOS%20FUTUROS%20DEL%20SECTOR%20CALZADO.wmv\" target=\"_blank\" rel=\"noopener\">Video de la Jornada<\/a><\/li>\n<\/ul>\n<\/li>\n<\/ul>\n<p><strong><span class=\"Estilo2\">PROGRAMA INNPACTO:<\/span><\/strong><\/p>\n<ul>\n<li><span class=\"Estilo2\">CALZADO SALUDABLE PERSONALIZADO PARA NI\u00d1OS OBESOS Y CON DERMATITIS ALERGICA. IPT-2012-1299-300000<\/span>.<\/li>\n<\/ul>\n<p><strong><span class=\"Estilo2\">PROGRAMA TORRES QUEVEDO:<\/span><\/strong><\/p>\n<ul>\n<li><span class=\"Estilo2\">DESARROLLO DE APROXIMACIONES BIOTECNOL\u00d3GICAS Y SU APLICACI\u00d3N PARA EL SECTOR DEL CALZADO.<\/span><\/li>\n<li><span class=\"Estilo2\">Referencia PTQ &#8211; 14-07275. Fecha de inicio 01\/02\/2016 Importe recibido en 2016 : 16.989,50 \u20ac<\/span><\/li>\n<\/ul>\n<p><img loading=\"lazy\" class=\"alignnone size-full wp-image-141\" src=\"http:\/\/clustercalzado.es\/wp-content\/uploads\/2017\/10\/MINIS-economia.png\" alt=\"\" width=\"164\" height=\"44\" \/><img loading=\"lazy\" class=\"alignnone size-full wp-image-142\" src=\"http:\/\/clustercalzado.es\/wp-content\/uploads\/2017\/10\/Fondo-FSE-invierte-en-FUTURO.png\" alt=\"\" width=\"179\" height=\"44\" \/><\/p>\n<\/div><\/section><\/p><\/div>\n<div  class='hr hr-default  '><span class='hr-inner ' ><span class='hr-inner-style'><\/span><\/span><\/div>\n<section class=\"av_textblock_section \"  itemscope=\"itemscope\" itemtype=\"https:\/\/schema.org\/CreativeWork\" ><div class='avia_textblock  '  style='font-size:10px; '  itemprop=\"text\" ><p>In addition to the projects that Cluster Calzado Innovaci\u00f3n has carried out or participated in as an entity of sectoral impulse, our technicians constantly collaborate with member companies in all phases of dissemination, preparation, management, execution and justification of the projects in which they participate individually, with the aim to achieve the technology transfer and implementation purposes envisaged, thus increasing the competitiveness of products placed on the market by our member companies.<\/p>\n<\/div><\/section>\n","protected":false},"excerpt":{"rendered":"","protected":false},"author":1,"featured_media":0,"parent":423,"menu_order":0,"comment_status":"closed","ping_status":"closed","template":"","meta":[],"yoast_head":"<!-- This site is optimized with the Yoast SEO plugin v19.2 - https:\/\/yoast.com\/wordpress\/plugins\/seo\/ -->\n<title>National Projects - Cluster Calzado<\/title>\n<meta name=\"robots\" content=\"index, follow, max-snippet:-1, max-image-preview:large, max-video-preview:-1\" \/>\n<link rel=\"canonical\" href=\"http:\/\/clustercalzado.es\/en\/projects\/national-projects\/\" \/>\n<meta property=\"og:locale\" content=\"en_US\" \/>\n<meta property=\"og:type\" content=\"article\" \/>\n<meta property=\"og:title\" content=\"National Projects - Cluster Calzado\" \/>\n<meta property=\"og:url\" content=\"http:\/\/clustercalzado.es\/en\/projects\/national-projects\/\" \/>\n<meta property=\"og:site_name\" content=\"Cluster Calzado\" \/>\n<meta property=\"article:modified_time\" content=\"2017-11-27T09:15:43+00:00\" \/>\n<meta property=\"og:image\" content=\"http:\/\/clustercalzado.es\/wp-content\/uploads\/2017\/10\/MINIS-economia.png\" \/>\n<meta name=\"author\" content=\"adminESC\" \/>\n<meta name=\"twitter:card\" content=\"summary\" \/>\n<meta name=\"twitter:label1\" content=\"Est. reading time\" \/>\n\t<meta name=\"twitter:data1\" content=\"4 minutes\" \/>\n<script type=\"application\/ld+json\" class=\"yoast-schema-graph\">{\"@context\":\"https:\/\/schema.org\",\"@graph\":[{\"@type\":\"WebSite\",\"@id\":\"http:\/\/clustercalzado.es\/#website\",\"url\":\"http:\/\/clustercalzado.es\/\",\"name\":\"Cluster Calzado\",\"description\":\"innovaci\u00f3n en el calzado\",\"potentialAction\":[{\"@type\":\"SearchAction\",\"target\":{\"@type\":\"EntryPoint\",\"urlTemplate\":\"http:\/\/clustercalzado.es\/?s={search_term_string}\"},\"query-input\":\"required name=search_term_string\"}],\"inLanguage\":\"en-US\"},{\"@type\":\"ImageObject\",\"inLanguage\":\"en-US\",\"@id\":\"http:\/\/clustercalzado.es\/en\/projects\/national-projects\/#primaryimage\",\"url\":\"http:\/\/clustercalzado.es\/wp-content\/uploads\/2017\/10\/MINIS-economia.png\",\"contentUrl\":\"http:\/\/clustercalzado.es\/wp-content\/uploads\/2017\/10\/MINIS-economia.png\",\"width\":164,\"height\":44},{\"@type\":\"WebPage\",\"@id\":\"http:\/\/clustercalzado.es\/en\/projects\/national-projects\/#webpage\",\"url\":\"http:\/\/clustercalzado.es\/en\/projects\/national-projects\/\",\"name\":\"National Projects - Cluster Calzado\",\"isPartOf\":{\"@id\":\"http:\/\/clustercalzado.es\/#website\"},\"primaryImageOfPage\":{\"@id\":\"http:\/\/clustercalzado.es\/en\/projects\/national-projects\/#primaryimage\"},\"datePublished\":\"2017-11-15T17:04:11+00:00\",\"dateModified\":\"2017-11-27T09:15:43+00:00\",\"breadcrumb\":{\"@id\":\"http:\/\/clustercalzado.es\/en\/projects\/national-projects\/#breadcrumb\"},\"inLanguage\":\"en-US\",\"potentialAction\":[{\"@type\":\"ReadAction\",\"target\":[\"http:\/\/clustercalzado.es\/en\/projects\/national-projects\/\"]}]},{\"@type\":\"BreadcrumbList\",\"@id\":\"http:\/\/clustercalzado.es\/en\/projects\/national-projects\/#breadcrumb\",\"itemListElement\":[{\"@type\":\"ListItem\",\"position\":1,\"name\":\"Portada\",\"item\":\"http:\/\/clustercalzado.es\/en\/\"},{\"@type\":\"ListItem\",\"position\":2,\"name\":\"Projects\",\"item\":\"http:\/\/clustercalzado.es\/en\/projects\/\"},{\"@type\":\"ListItem\",\"position\":3,\"name\":\"National Projects\"}]}]}<\/script>\n<!-- \/ Yoast SEO plugin. -->","yoast_head_json":{"title":"National Projects - Cluster Calzado","robots":{"index":"index","follow":"follow","max-snippet":"max-snippet:-1","max-image-preview":"max-image-preview:large","max-video-preview":"max-video-preview:-1"},"canonical":"http:\/\/clustercalzado.es\/en\/projects\/national-projects\/","og_locale":"en_US","og_type":"article","og_title":"National Projects - Cluster Calzado","og_url":"http:\/\/clustercalzado.es\/en\/projects\/national-projects\/","og_site_name":"Cluster Calzado","article_modified_time":"2017-11-27T09:15:43+00:00","og_image":[{"url":"http:\/\/clustercalzado.es\/wp-content\/uploads\/2017\/10\/MINIS-economia.png"}],"author":"adminESC","twitter_card":"summary","twitter_misc":{"Est. reading time":"4 minutes"},"schema":{"@context":"https:\/\/schema.org","@graph":[{"@type":"WebSite","@id":"http:\/\/clustercalzado.es\/#website","url":"http:\/\/clustercalzado.es\/","name":"Cluster Calzado","description":"innovaci\u00f3n en el calzado","potentialAction":[{"@type":"SearchAction","target":{"@type":"EntryPoint","urlTemplate":"http:\/\/clustercalzado.es\/?s={search_term_string}"},"query-input":"required name=search_term_string"}],"inLanguage":"en-US"},{"@type":"ImageObject","inLanguage":"en-US","@id":"http:\/\/clustercalzado.es\/en\/projects\/national-projects\/#primaryimage","url":"http:\/\/clustercalzado.es\/wp-content\/uploads\/2017\/10\/MINIS-economia.png","contentUrl":"http:\/\/clustercalzado.es\/wp-content\/uploads\/2017\/10\/MINIS-economia.png","width":164,"height":44},{"@type":"WebPage","@id":"http:\/\/clustercalzado.es\/en\/projects\/national-projects\/#webpage","url":"http:\/\/clustercalzado.es\/en\/projects\/national-projects\/","name":"National Projects - Cluster Calzado","isPartOf":{"@id":"http:\/\/clustercalzado.es\/#website"},"primaryImageOfPage":{"@id":"http:\/\/clustercalzado.es\/en\/projects\/national-projects\/#primaryimage"},"datePublished":"2017-11-15T17:04:11+00:00","dateModified":"2017-11-27T09:15:43+00:00","breadcrumb":{"@id":"http:\/\/clustercalzado.es\/en\/projects\/national-projects\/#breadcrumb"},"inLanguage":"en-US","potentialAction":[{"@type":"ReadAction","target":["http:\/\/clustercalzado.es\/en\/projects\/national-projects\/"]}]},{"@type":"BreadcrumbList","@id":"http:\/\/clustercalzado.es\/en\/projects\/national-projects\/#breadcrumb","itemListElement":[{"@type":"ListItem","position":1,"name":"Portada","item":"http:\/\/clustercalzado.es\/en\/"},{"@type":"ListItem","position":2,"name":"Projects","item":"http:\/\/clustercalzado.es\/en\/projects\/"},{"@type":"ListItem","position":3,"name":"National Projects"}]}]}},"_links":{"self":[{"href":"http:\/\/clustercalzado.es\/en\/wp-json\/wp\/v2\/pages\/432\/"}],"collection":[{"href":"http:\/\/clustercalzado.es\/en\/wp-json\/wp\/v2\/pages\/"}],"about":[{"href":"http:\/\/clustercalzado.es\/en\/wp-json\/wp\/v2\/types\/page\/"}],"author":[{"embeddable":true,"href":"http:\/\/clustercalzado.es\/en\/wp-json\/wp\/v2\/users\/1\/"}],"replies":[{"embeddable":true,"href":"http:\/\/clustercalzado.es\/en\/wp-json\/wp\/v2\/comments\/?post=432"}],"version-history":[{"count":4,"href":"http:\/\/clustercalzado.es\/en\/wp-json\/wp\/v2\/pages\/432\/revisions\/"}],"predecessor-version":[{"id":551,"href":"http:\/\/clustercalzado.es\/en\/wp-json\/wp\/v2\/pages\/432\/revisions\/551\/"}],"up":[{"embeddable":true,"href":"http:\/\/clustercalzado.es\/en\/wp-json\/wp\/v2\/pages\/423\/"}],"wp:attachment":[{"href":"http:\/\/clustercalzado.es\/en\/wp-json\/wp\/v2\/media\/?parent=432"}],"curies":[{"name":"wp","href":"https:\/\/api.w.org\/{rel}","templated":true}]}}